{"id":21111,"date":"2023-09-21T23:21:01","date_gmt":"2023-09-21T21:21:01","guid":{"rendered":"https:\/\/newveg.bio\/declaracion-de-privacidad-ue\/"},"modified":"2023-09-22T11:27:42","modified_gmt":"2023-09-22T09:27:42","slug":"declaracion-de-privacidad-ue","status":"publish","type":"page","link":"https:\/\/newvegbio.com\/ar\/declaracion-de-privacidad-ue\/","title":{"rendered":"\u0628\u064a\u0627\u0646 \u0627\u0644\u062e\u0635\u0648\u0635\u064a\u0629 (\u0627\u0644\u0627\u062a\u062d\u0627\u062f \u0627\u0644\u0623\u0648\u0631\u0648\u0628\u064a)"},"content":{"rendered":"<!-- Legal document generated by Complianz | GDPR\/CCPA Cookie Consent https:\/\/wordpress.org\/plugins\/complianz-gdpr -->\n<div id=\"cmplz-document\" class=\"cmplz-document privacy-statement cmplz-document-eu\"><p><i>This privacy statement was last updated on 21 de \u0634\u062a\u0646\u0628\u0631 de 2023 and applies to citizens and legal permanent residents of the European Economic Area and Switzerland.<\/i><br \/><br \/><\/p><p><p>In this privacy statement, we explain what we do with the data we obtain about you via <a href=\"https:\/\/newvegbio.com\/ar\">https:\/\/newvegbio.com\/ar<\/a>. We recommend you carefully read this statement. In our processing we comply with the requirements of privacy legislation. That means, among other things, that:<\/p><ul>\n                <li>we clearly state the purposes for which we process personal data. We do this by means of this privacy statement;<\/li>\n                <li>we aim to limit our collection of personal data to only the personal data required for legitimate purposes;<\/li>\n                <li>we first request your explicit consent to process your personal data in cases requiring your consent;<\/li>\n                <li>we take appropriate security measures to protect your personal data and also require this from parties that process personal data on our behalf;<\/li>\n                <li>we respect your right to access your personal data or have it corrected or deleted, at your request.<\/li>\n            <\/ul><p>If you have any questions, or want to know exactly what data we keep of you, please contact us.<\/p><\/p><h2>1. Purpose, data and retention period<\/h2>We may collect or receive personal information for a number of purposes connected with our business operations which may include the following: (click to expand)<details class=\"cmplz-dropdown dropdown-privacy-statement\"><summary><div><h3>1.1 Contact - Through phone, mail, email and\/or webforms<\/h3><\/div><\/summary><p class=\"cmplz-subtitle\">For this purpose we use the following data:<\/p><p><ul><li>A first and last name<\/li><li>Account name or alias<\/li><li>An email address<\/li><li>A telephone number<\/li><\/ul><\/p><p class=\"cmplz-subtitle\">The basis on which we may process these data is:<\/p><p><a target=\"_blank\" rel=\"noopener noreferrer nofollow\" href=\"https:\/\/cookiedatabase.org\/legal-bases\/#obligation\">For compliance with a legal or regulatory obligation.<\/a><\/p><p class=\"cmplz-subtitle\">Retention period<\/p><p>Upon termination of the service we retain this data for the following period: 2 a\u00f1os.<\/p><\/details><details class=\"cmplz-dropdown dropdown-privacy-statement\"><summary><div><h3>1.2 Newsletters<\/h3><\/div><\/summary><p class=\"cmplz-subtitle\">For this purpose we use the following data:<\/p><p><ul><li>A first and last name<\/li><li>An email address<\/li><li>A telephone number<\/li><\/ul><\/p><p class=\"cmplz-subtitle\">The basis on which we may process these data is:<\/p><p><a target=\"_blank\" rel=\"noopener noreferrer nofollow\" href=\"https:\/\/cookiedatabase.org\/legal-bases\/#obligation\">For compliance with a legal or regulatory obligation.<\/a><\/p><p class=\"cmplz-subtitle\">Retention period<\/p><p>We retain this data until the service is terminated.<\/p><\/details><details class=\"cmplz-dropdown dropdown-privacy-statement\"><summary><div><h3>1.3 To support services or products that a customer wants to buy or has purchased<\/h3><\/div><\/summary><p class=\"cmplz-subtitle\">For this purpose we use the following data:<\/p><p><ul><li>A first and last name<\/li><li>Account name or alias<\/li><li>An email address<\/li><li>A telephone number<\/li><\/ul><\/p><p class=\"cmplz-subtitle\">The basis on which we may process these data is:<\/p><p><a target=\"_blank\" rel=\"noopener noreferrer nofollow\" href=\"https:\/\/cookiedatabase.org\/legal-bases\/#obligation\">For compliance with a legal or regulatory obligation.<\/a><\/p><p class=\"cmplz-subtitle\">Retention period<\/p><p>We retain this data until the service is terminated.<\/p><\/details><details class=\"cmplz-dropdown dropdown-privacy-statement\"><summary><div><h3>1.4 To be able to comply with legal obligations<\/h3><\/div><\/summary><p class=\"cmplz-subtitle\">For this purpose we use the following data:<\/p><p><ul><li>A first and last name<\/li><li>Account name or alias<\/li><li>An email address<\/li><li>A telephone number<\/li><\/ul><\/p><p class=\"cmplz-subtitle\">The basis on which we may process these data is:<\/p><p><a target=\"_blank\" rel=\"noopener noreferrer nofollow\" href=\"https:\/\/cookiedatabase.org\/legal-bases\/#obligation\">For compliance with a legal or regulatory obligation.<\/a><\/p><p class=\"cmplz-subtitle\">Retention period<\/p><p>We retain this data until the service is terminated.<\/p><\/details><details class=\"cmplz-dropdown dropdown-privacy-statement\"><summary><div><h3>1.5 Compiling and analyzing statistics for website improvement.<\/h3><\/div><\/summary><p class=\"cmplz-subtitle\">For this purpose we use the following data:<\/p><p><ul><li>A first and last name<\/li><li>Account name or alias<\/li><li>An email address<\/li><li>A telephone number<\/li><\/ul><\/p><p class=\"cmplz-subtitle\">The basis on which we may process these data is:<\/p><p><a target=\"_blank\" rel=\"noopener noreferrer nofollow\" href=\"https:\/\/cookiedatabase.org\/legal-bases\/#obligation\">For compliance with a legal or regulatory obligation.<\/a><\/p><p class=\"cmplz-subtitle\">Retention period<\/p><p>We retain this data until the service is terminated.<\/p><\/details><details class=\"cmplz-dropdown dropdown-privacy-statement\"><summary><div><h3>1.6 To be able to offer personalized products and services<\/h3><\/div><\/summary><p class=\"cmplz-subtitle\">For this purpose we use the following data:<\/p><p><ul><li>A first and last name<\/li><li>An email address<\/li><li>A telephone number<\/li><\/ul><\/p><p class=\"cmplz-subtitle\">The basis on which we may process these data is:<\/p><p><a target=\"_blank\" rel=\"noopener noreferrer nofollow\" href=\"https:\/\/cookiedatabase.org\/legal-bases\/#obligation\">For compliance with a legal or regulatory obligation.<\/a><\/p><p class=\"cmplz-subtitle\">Retention period<\/p><p>We retain this data until the service is terminated.<\/p><\/details><details class=\"cmplz-dropdown dropdown-privacy-statement\"><summary><div><h3>1.7 To sell or share data with a third party<\/h3><\/div><\/summary><p class=\"cmplz-subtitle\">For this purpose we use the following data:<\/p><p><ul><li>A first and last name<\/li><li>Account name or alias<\/li><li>An email address<\/li><li>A telephone number<\/li><\/ul><\/p><p class=\"cmplz-subtitle\">The basis on which we may process these data is:<\/p><p><a target=\"_blank\" rel=\"noopener noreferrer nofollow\" href=\"https:\/\/cookiedatabase.org\/legal-bases\/#obligation\">For compliance with a legal or regulatory obligation.<\/a><\/p><p class=\"cmplz-subtitle\">Retention period<\/p><p>We retain this data until the service is terminated.<\/p><\/details><h2>2. Cookies<\/h2><p>Our website uses cookies. For more information about cookies, please refer to our <a href=\"https:\/\/newvegbio.com\/ar\/politica-de-cookies-ue\/\">Cookie Policy<\/a>.&nbsp;<\/p><h2>3. Disclosure practices<\/h2><p><p>We disclose personal information if we are required by law or by a court order, in response to a law enforcement agency, to the extent permitted under other provisions of law, to provide information, or for an investigation on a matter related to public safety.<\/p><p>If our website or organisation is taken over, sold, or involved in a merger or acquisition, your details may be disclosed to our advisers and any prospective purchasers and will be passed on to the new owners.<\/p><\/p><p>We have concluded a data Processing Agreement with Google.<\/p><p>Google may not use the data for any other Google services.<\/p><p>The inclusion of full IP addresses is blocked by us.<\/p><h2>4. Security<\/h2><p>We are committed to the security of personal data. We take appropriate security measures to limit abuse of and unauthorized access to personal data. This ensures that only the necessary persons have access to your data, that access to the data is protected, and that our security measures are regularly reviewed.<\/p><h2>5. Third-party websites<\/h2><p>This privacy statement does not apply to third-party websites connected by links on our website. We cannot guarantee that these third parties handle your personal data in a reliable or secure manner. We recommend you read the privacy statements of these websites prior to making use of these websites.<\/p><h2>6. Amendments to this privacy statement<\/h2><p>We reserve the right to make amendments to this privacy statement. It is recommended that you consult this privacy statement regularly in order to be aware of any changes. In addition, we will actively inform you wherever possible.<\/p><h2>7. Accessing and modifying your data<\/h2><p>If you have any questions or want to know which personal data we have about you, please contact us. You can contact us by using the information below. You have the following rights:<\/p><ul>\n                <li>You have the right to know why your personal data is needed, what will happen to it, and how long it will be retained for.<\/li>\n                <li>Right of access: You have the right to access your personal data that is known to us.<\/li>\n                <li>Right to rectification: you have the right to supplement, correct, have deleted or blocked your personal data whenever you wish.<\/li>\n                <li>If you give us your consent to process your data, you have the right to revoke that consent and to have your personal data deleted.<\/li>\n                <li>Right to transfer your data: you have the right to request all your personal data from the controller and transfer it in its entirety to another controller.<\/li>\n                <li>Right to object: you may object to the processing of your data. We comply with this, unless there are justified grounds for processing.<\/li>\n            <\/ul><p>Please make sure to always clearly state who you are, so that we can be certain that we do not modify or delete any data of the wrong person.<\/p><h2>8. Submitting a complaint<\/h2><p>If you are not satisfied with the way in which we handle (a complaint about) the processing of your personal data, you have the right to submit a complaint to the Data Protection Authority.<\/p><h2>9. Contact details<\/h2><p>GIFADI FERTILIZANTES S.A.<br \/>\n        N-332, KM 15, 5, 30367 El Algar, Murcia<br \/>\n        Spain<br \/>\n        Website: <a href=\"https:\/\/newvegbio.com\/ar\">https:\/\/newvegbio.com\/ar<\/a> <br \/>\n        Email: &#105;n&#102;&#111;&#064;&#110;&#101;&#119;ve&#103;&#046;bio <br \/>\n        Phone number: 626993546<\/p><h2>Annex<\/h2><p><h3>\u0646\u064a\u0648\u0641\u064a\u062c<\/h3>\r\n<div class=\"wp-suggested-text\">\r\n<p class=\"privacy-policy-tutorial\">Este texto de muestra incluye los b\u00e1sicos sobre qu\u00e9 datos personales recopila, almacena y comparte tu tienda, as\u00ed como qui\u00e9n tiene acceso a esos datos. Dependiendo de qu\u00e9 ajustes est\u00e9n activos y qu\u00e9 plugins adicionales se use, la informaci\u00f3n espec\u00edfica compartida por tu tienda puede variar. Te recomendamos que consultes a un abogado para decidir qu\u00e9 informaci\u00f3n mostrar en tu pol\u00edtica de privacidad.<\/p>\r\nRecopilamos informaci\u00f3n tuya durante el proceso de pago en nuestra tienda.\r\n<h2>Lo que recopilamos y almacenamos<\/h2>\r\nMientras visitas nuestro sitio realizaremos el seguimiento de:\r\n<ul>\r\n \t<li>Productos que has visto: Los usaremos para, por ejemplo, mostrarte los productos que has visto recientemente<\/li>\r\n \t<li>Ubicaci\u00f3n, direcci\u00f3n IP y tipo de navegador: usaremos esto para prop\u00f3sitos como estimar impuestos y costes de env\u00edo<\/li>\r\n \t<li>Direcci\u00f3n de env\u00edo: te pediremos que facilites esto para que podamos, por ejemplo, estimar el coste del env\u00edo antes de que hagas un pedido, \u00a1y enviarte el pedido!<\/li>\r\n<\/ul>\r\nTambi\u00e9n usamos cookies para realizar el seguimiento de los contenidos del carrito mientras navegas por nuestro sitio.\r\n<p class=\"privacy-policy-tutorial\">Observaci\u00f3n: puede que quieras detallar tu pol\u00edtica de cookies, y enlazar desde aqu\u00ed a esta secci\u00f3n.<\/p>\r\nCuando nos compras algo te pedimos que facilites informaci\u00f3n que incluye tu nombre, direcci\u00f3n de facturaci\u00f3n, direcci\u00f3n de env\u00edo, direcci\u00f3n de correo electr\u00f3nico, n\u00famero de tel\u00e9fono, detalles de la tarjeta de cr\u00e9dito\/pago e informaci\u00f3n adicional opcional como el nombre de usuario y la contrase\u00f1a. Usaremos esta informaci\u00f3n para prop\u00f3sitos como:\r\n<ul>\r\n \t<li>Enviarte informaci\u00f3n sobre tu cuenta y pedido<\/li>\r\n \t<li>Responder a tus solicitudes, incluidos reembolsos y reclamaciones<\/li>\r\n \t<li>Procesar pagos y evitar el fraude<\/li>\r\n \t<li>Configurar tu cuenta para nuestra tienda<\/li>\r\n \t<li>Cumplir con cualquier obligaci\u00f3n legal que tengamos, como c\u00e1lculos de impuestos<\/li>\r\n \t<li>Mejorar las ofertas de nuestra tienda<\/li>\r\n \t<li>Enviarte mensajes promocionales, si eliges recibirlos<\/li>\r\n<\/ul>\r\nSi creas una cuenta almacenaremos tu nombre, direcci\u00f3n, correo electr\u00f3nico y n\u00famero de tel\u00e9fono, lo que usaremos para el proceso de pago y futuros pedidos.\r\n\r\nNormalmente almacenamos informaci\u00f3n sobre ti durante el tiempo que necesitemos la informaci\u00f3n para los prop\u00f3sitos para los que la recopilamos y usamos, y no estemos legalmente obligados a seguir guard\u00e1ndola. Por ejemplo, almacenaremos informaci\u00f3n de los pedidos durante XXX a\u00f1os para prop\u00f3sitos de impuestos y contabilidad. Esto incluye tu nombre, direcci\u00f3n de correo electr\u00f3nico y direcciones de facturaci\u00f3n y env\u00edo.\r\n\r\nTambi\u00e9n almacenamos comentarios o valoraciones, si eliges dejarlos.\r\n<h2>Qui\u00e9n de nuestro equipo tiene acceso<\/h2>\r\nLos miembros de nuestro equipo tienen acceso a la informaci\u00f3n que nos ofreces. Por ejemplo, los administradores y gestores de tienda pueden acceder:\r\n<ul>\r\n \t<li>La informaci\u00f3n de pedidos, como qu\u00e9 se compr\u00f3, cu\u00e1ndo se compr\u00f3 y d\u00f3nde se deber\u00eda enviar, y<\/li>\r\n \t<li>La informaci\u00f3n de cliente, como tu nombre, direcci\u00f3n de correo electr\u00f3nico, y la informaci\u00f3n de facturaci\u00f3n y env\u00edo.<\/li>\r\n<\/ul>\r\nLos miembros de nuestro equipo tienen acceso a esta informaci\u00f3n para ayudar a completar pedidos, procesar reembolsos y darte soporte.\r\n<h2>Lo que compartimos con otros<\/h2>\r\n<p class=\"privacy-policy-tutorial\">En esta secci\u00f3n deber\u00edas apuntar con qui\u00e9n est\u00e1s compartiendo datos, y con qu\u00e9 objetivo. Esto podr\u00eda incluir, pero no est\u00e1 solo limitado a ello, an\u00e1lisis, marketing, pasarelas de pago, proveedores de env\u00edo, e incrustados de terceros.<\/p>\r\nCompartimos informaci\u00f3n con otros, que nos ayudan a ofrecer nuestros pedidos y gestionar servicios para ti; por ejemplo --\r\n<h3>Pagos<\/h3>\r\n<p class=\"privacy-policy-tutorial\">En esta subsecci\u00f3n deber\u00edas apuntar qu\u00e9 otros procesadores de pago externos est\u00e1s usando para admitir pagos en tu tienda, ya que puede que manejen datos de los clientes. Hemos incluido PayPal como ejemplo, pero deber\u00edas borrarlo si no est\u00e1s usando PayPal.<\/p>\r\nAceptamos pagos mediante PayPal. Al procesar pagos algunos de tus datos se pasar\u00e1n a PayPal, incluida la informaci\u00f3n requerida para procesar o dar soporte al pago, tales como el total de la compra y la informaci\u00f3n de facturaci\u00f3n.\r\n\r\nPor favor, revisa la <a href=\"https:\/\/www.paypal.com\/es\/webapps\/mpp\/ua\/privacy-full\">pol\u00edtica de privacidad de PayPal<\/a> para m\u00e1s detalles.\r\n\r\n<\/div>\r\n<h3>Complianz | The Privacy Suite for WordPress<\/h3>\r\nEsta web utiliza la Privacy Suite for WordPress de Complianz para recoger y registrar el consentimiento basado en el navegador y en el dispositivo. Para esta funcionalidad, tu direcci\u00f3n IP se anonimiza y se almacena en nuestra base de datos.\u00a0Este servicio no procesa ninguna informaci\u00f3n personal identificable y no comparte ning\u00fan dato con el proveedor de servicios.\u00a0Para m\u00e1s informaci\u00f3n, consulta la <a href=\"https:\/\/complianz.io\/legal\/privacy-statement\/\">\u0628\u064a\u0627\u0646 \u0627\u0644\u062e\u0635\u0648\u0635\u064a\u0629<\/a> de Complianz.<\/p><\/div>","protected":false},"excerpt":{"rendered":"","protected":false},"author":2,"featured_media":0,"parent":0,"menu_order":8,"comment_status":"closed","ping_status":"closed","template":"","meta":{"footnotes":""},"class_list":["post-21111","page","type-page","status-publish","hentry"],"yoast_head":"<!-- This site is optimized with the Yoast SEO Premium plugin v21.6 (Yoast SEO v27.1.1) - https:\/\/yoast.com\/product\/yoast-seo-premium-wordpress\/ -->\n<title>Declaraci\u00f3n de privacidad (UE) - New Veg - Bioestimulantes agricultura ecol\u00f3gica<\/title>\n<meta name=\"robots\" content=\"index, follow, max-snippet:-1, max-image-preview:large, max-video-preview:-1\" \/>\n<link rel=\"canonical\" href=\"https:\/\/newvegbio.com\/ar\/declaracion-de-privacidad-ue\/\" \/>\n<meta property=\"og:locale\" content=\"ar_AR\" \/>\n<meta property=\"og:type\" content=\"article\" \/>\n<meta property=\"og:title\" content=\"Declaraci\u00f3n de privacidad (UE)\" \/>\n<meta property=\"og:url\" content=\"https:\/\/newvegbio.com\/ar\/declaracion-de-privacidad-ue\/\" \/>\n<meta property=\"og:site_name\" content=\"New Veg - Bioestimulantes agricultura ecol\u00f3gica\" \/>\n<meta property=\"article:modified_time\" content=\"2023-09-22T09:27:42+00:00\" \/>\n<meta name=\"twitter:card\" content=\"summary_large_image\" \/>\n<script type=\"application\/ld+json\" class=\"yoast-schema-graph\">{\"@context\":\"https:\/\/schema.org\",\"@graph\":[{\"@type\":\"WebPage\",\"@id\":\"https:\/\/newvegbio.com\/declaracion-de-privacidad-ue\/\",\"url\":\"https:\/\/newvegbio.com\/declaracion-de-privacidad-ue\/\",\"name\":\"Declaraci\u00f3n de privacidad (UE) - New Veg - Bioestimulantes agricultura ecol\u00f3gica\",\"isPartOf\":{\"@id\":\"https:\/\/newvegbio.com\/#website\"},\"datePublished\":\"2023-09-21T21:21:01+00:00\",\"dateModified\":\"2023-09-22T09:27:42+00:00\",\"breadcrumb\":{\"@id\":\"https:\/\/newvegbio.com\/declaracion-de-privacidad-ue\/#breadcrumb\"},\"inLanguage\":\"ary\",\"potentialAction\":[{\"@type\":\"ReadAction\",\"target\":[\"https:\/\/newvegbio.com\/declaracion-de-privacidad-ue\/\"]}]},{\"@type\":\"BreadcrumbList\",\"@id\":\"https:\/\/newvegbio.com\/declaracion-de-privacidad-ue\/#breadcrumb\",\"itemListElement\":[{\"@type\":\"ListItem\",\"position\":1,\"name\":\"Home\",\"item\":\"https:\/\/newvegbio.com\/\"},{\"@type\":\"ListItem\",\"position\":2,\"name\":\"Declaraci\u00f3n de privacidad (UE)\"}]},{\"@type\":\"WebSite\",\"@id\":\"https:\/\/newvegbio.com\/#website\",\"url\":\"https:\/\/newvegbio.com\/\",\"name\":\"New Veg - Bioestimulantes agricultura ecol\u00f3gica\",\"description\":\"\",\"publisher\":{\"@id\":\"https:\/\/newvegbio.com\/#organization\"},\"potentialAction\":[{\"@type\":\"SearchAction\",\"target\":{\"@type\":\"EntryPoint\",\"urlTemplate\":\"https:\/\/newvegbio.com\/?s={search_term_string}\"},\"query-input\":{\"@type\":\"PropertyValueSpecification\",\"valueRequired\":true,\"valueName\":\"search_term_string\"}}],\"inLanguage\":\"ary\"},{\"@type\":\"Organization\",\"@id\":\"https:\/\/newvegbio.com\/#organization\",\"name\":\"New Veg - Bioestimulantes agricultura ecol\u00f3gica\",\"url\":\"https:\/\/newvegbio.com\/\",\"logo\":{\"@type\":\"ImageObject\",\"inLanguage\":\"ary\",\"@id\":\"https:\/\/newvegbio.com\/#\/schema\/logo\/image\/\",\"url\":\"https:\/\/newvegbio.com\/wp-content\/uploads\/2023\/09\/logo-vector.svg\",\"contentUrl\":\"https:\/\/newvegbio.com\/wp-content\/uploads\/2023\/09\/logo-vector.svg\",\"width\":1024,\"height\":931,\"caption\":\"New Veg - Bioestimulantes agricultura ecol\u00f3gica\"},\"image\":{\"@id\":\"https:\/\/newvegbio.com\/#\/schema\/logo\/image\/\"}}]}<\/script>\n<!-- \/ Yoast SEO Premium plugin. -->","yoast_head_json":{"title":"Declaraci\u00f3n de privacidad (UE) - New Veg - Bioestimulantes agricultura ecol\u00f3gica","robots":{"index":"index","follow":"follow","max-snippet":"max-snippet:-1","max-image-preview":"max-image-preview:large","max-video-preview":"max-video-preview:-1"},"canonical":"https:\/\/newvegbio.com\/ar\/declaracion-de-privacidad-ue\/","og_locale":"ar_AR","og_type":"article","og_title":"Declaraci\u00f3n de privacidad (UE)","og_url":"https:\/\/newvegbio.com\/ar\/declaracion-de-privacidad-ue\/","og_site_name":"New Veg - Bioestimulantes agricultura ecol\u00f3gica","article_modified_time":"2023-09-22T09:27:42+00:00","twitter_card":"summary_large_image","schema":{"@context":"https:\/\/schema.org","@graph":[{"@type":"WebPage","@id":"https:\/\/newvegbio.com\/declaracion-de-privacidad-ue\/","url":"https:\/\/newvegbio.com\/declaracion-de-privacidad-ue\/","name":"Declaraci\u00f3n de privacidad (UE) - New Veg - Bioestimulantes agricultura ecol\u00f3gica","isPartOf":{"@id":"https:\/\/newvegbio.com\/#website"},"datePublished":"2023-09-21T21:21:01+00:00","dateModified":"2023-09-22T09:27:42+00:00","breadcrumb":{"@id":"https:\/\/newvegbio.com\/declaracion-de-privacidad-ue\/#breadcrumb"},"inLanguage":"ary","potentialAction":[{"@type":"ReadAction","target":["https:\/\/newvegbio.com\/declaracion-de-privacidad-ue\/"]}]},{"@type":"BreadcrumbList","@id":"https:\/\/newvegbio.com\/declaracion-de-privacidad-ue\/#breadcrumb","itemListElement":[{"@type":"ListItem","position":1,"name":"Home","item":"https:\/\/newvegbio.com\/"},{"@type":"ListItem","position":2,"name":"Declaraci\u00f3n de privacidad (UE)"}]},{"@type":"WebSite","@id":"https:\/\/newvegbio.com\/#website","url":"https:\/\/newvegbio.com\/","name":"New Veg - Bioestimulantes agricultura ecol\u00f3gica","description":"","publisher":{"@id":"https:\/\/newvegbio.com\/#organization"},"potentialAction":[{"@type":"SearchAction","target":{"@type":"EntryPoint","urlTemplate":"https:\/\/newvegbio.com\/?s={search_term_string}"},"query-input":{"@type":"PropertyValueSpecification","valueRequired":true,"valueName":"search_term_string"}}],"inLanguage":"ary"},{"@type":"Organization","@id":"https:\/\/newvegbio.com\/#organization","name":"New Veg - Bioestimulantes agricultura ecol\u00f3gica","url":"https:\/\/newvegbio.com\/","logo":{"@type":"ImageObject","inLanguage":"ary","@id":"https:\/\/newvegbio.com\/#\/schema\/logo\/image\/","url":"https:\/\/newvegbio.com\/wp-content\/uploads\/2023\/09\/logo-vector.svg","contentUrl":"https:\/\/newvegbio.com\/wp-content\/uploads\/2023\/09\/logo-vector.svg","width":1024,"height":931,"caption":"New Veg - Bioestimulantes agricultura ecol\u00f3gica"},"image":{"@id":"https:\/\/newvegbio.com\/#\/schema\/logo\/image\/"}}]}},"_links":{"self":[{"href":"https:\/\/newvegbio.com\/ar\/wp-json\/wp\/v2\/pages\/21111","targetHints":{"allow":["GET"]}}],"collection":[{"href":"https:\/\/newvegbio.com\/ar\/wp-json\/wp\/v2\/pages"}],"about":[{"href":"https:\/\/newvegbio.com\/ar\/wp-json\/wp\/v2\/types\/page"}],"author":[{"embeddable":true,"href":"https:\/\/newvegbio.com\/ar\/wp-json\/wp\/v2\/users\/2"}],"replies":[{"embeddable":true,"href":"https:\/\/newvegbio.com\/ar\/wp-json\/wp\/v2\/comments?post=21111"}],"version-history":[{"count":1,"href":"https:\/\/newvegbio.com\/ar\/wp-json\/wp\/v2\/pages\/21111\/revisions"}],"predecessor-version":[{"id":21184,"href":"https:\/\/newvegbio.com\/ar\/wp-json\/wp\/v2\/pages\/21111\/revisions\/21184"}],"wp:attachment":[{"href":"https:\/\/newvegbio.com\/ar\/wp-json\/wp\/v2\/media?parent=21111"}],"curies":[{"name":"wp","href":"https:\/\/api.w.org\/{rel}","templated":true}]}}